{"id":1907,"date":"2026-04-09T09:11:30","date_gmt":"2026-04-09T09:11:30","guid":{"rendered":"https:\/\/vigraholt.is\/?page_id=1907"},"modified":"2026-04-09T09:17:41","modified_gmt":"2026-04-09T09:17:41","slug":"vigrahus","status":"publish","type":"page","link":"https:\/\/vigraholt.is\/is\/vigrahus\/","title":{"rendered":"Vigrah\u00fas"},"content":{"rendered":"<div data-elementor-type=\"wp-page\" data-elementor-id=\"1907\" class=\"elementor elementor-1907\" data-elementor-post-type=\"page\">\n\t\t\t\t<div class=\"elementor-element elementor-element-c7b1825 e-flex e-con-boxed e-con e-parent\" data-id=\"c7b1825\" data-element_type=\"container\" data-settings=\"{&quot;background_background&quot;:&quot;classic&quot;}\">\n\t\t\t\t\t<div class=\"e-con-inner\">\n\t\t\t\t<div class=\"elementor-element elementor-element-ce6355e elementor-widget__width-inherit elementor-widget elementor-widget-image\" data-id=\"ce6355e\" data-element_type=\"widget\" data-widget_type=\"image.default\">\n\t\t\t\t<div class=\"elementor-widget-container\">\n\t\t\t\t\t\t\t\t\t\t\t\t\t\t\t<img fetchpriority=\"high\" decoding=\"async\" width=\"2560\" height=\"596\" src=\"https:\/\/vigraholt.is\/wp-content\/uploads\/2026\/04\/Polarlicht.jpeg\" class=\"attachment-full size-full wp-image-1909\" alt=\"\" srcset=\"https:\/\/vigraholt.is\/wp-content\/uploads\/2026\/04\/Polarlicht.jpeg 2560w, https:\/\/vigraholt.is\/wp-content\/uploads\/2026\/04\/Polarlicht-300x70.jpeg 300w, https:\/\/vigraholt.is\/wp-content\/uploads\/2026\/04\/Polarlicht-1024x238.jpeg 1024w, https:\/\/vigraholt.is\/wp-content\/uploads\/2026\/04\/Polarlicht-768x179.jpeg 768w, https:\/\/vigraholt.is\/wp-content\/uploads\/2026\/04\/Polarlicht-1536x358.jpeg 1536w, https:\/\/vigraholt.is\/wp-content\/uploads\/2026\/04\/Polarlicht-2048x477.jpeg 2048w, https:\/\/vigraholt.is\/wp-content\/uploads\/2026\/04\/Polarlicht-18x4.jpeg 18w\" sizes=\"(max-width: 2560px) 100vw, 2560px\" \/>\t\t\t\t\t\t\t\t\t\t\t\t\t\t\t<\/div>\n\t\t\t\t<\/div>\n\t\t\t\t\t<\/div>\n\t\t\t\t<\/div>\n\t\t<div class=\"elementor-element elementor-element-9739781 e-con-full e-flex e-con e-parent\" data-id=\"9739781\" data-element_type=\"container\">\n\t\t<div class=\"elementor-element elementor-element-00c5bdd e-flex e-con-boxed e-con e-child\" data-id=\"00c5bdd\" data-element_type=\"container\">\n\t\t\t\t\t<div class=\"e-con-inner\">\n\t\t\t\t<div class=\"elementor-element elementor-element-61d4dc0 elementor-widget elementor-widget-heading\" data-id=\"61d4dc0\" data-element_type=\"widget\" data-widget_type=\"heading.default\">\n\t\t\t\t<div class=\"elementor-widget-container\">\n\t\t\t\t\t<h2 class=\"elementor-heading-title elementor-size-default\">VIGRHAH\u00daS<\/h2>\t\t\t\t<\/div>\n\t\t\t\t<\/div>\n\t\t\t\t\t<\/div>\n\t\t\t\t<\/div>\n\t\t<div class=\"elementor-element elementor-element-f26d0c9 e-flex e-con-boxed e-con e-child\" data-id=\"f26d0c9\" data-element_type=\"container\">\n\t\t\t\t\t<div class=\"e-con-inner\">\n\t\t\t\t<div class=\"elementor-element elementor-element-aa14436 elementor-widget elementor-widget-text-editor\" data-id=\"aa14436\" data-element_type=\"widget\" data-widget_type=\"text-editor.default\">\n\t\t\t\t<div class=\"elementor-widget-container\">\n\t\t\t\t\t\t\t\t\t<p>H\u00e9r geti\u00f0 \u00fei\u00f0 leigt h\u00fas vi\u00f0skiptavina okkar \u00ed framt\u00ed\u00f0inni.<\/p><p>N\u00e1nari uppl\u00fdsingar koma br\u00e1\u00f0lega...<\/p>\t\t\t\t\t\t\t\t<\/div>\n\t\t\t\t<\/div>\n\t\t\t\t<div class=\"elementor-element elementor-element-b56ab64 elementor-widget elementor-widget-image\" data-id=\"b56ab64\" data-element_type=\"widget\" data-widget_type=\"image.default\">\n\t\t\t\t<div class=\"elementor-widget-container\">\n\t\t\t\t\t\t\t\t\t\t\t\t\t\t\t<img decoding=\"async\" width=\"768\" height=\"243\" src=\"https:\/\/vigraholt.is\/wp-content\/uploads\/2026\/04\/vigrahus-1-768x243.png\" class=\"attachment-medium_large size-medium_large wp-image-1917\" alt=\"\" srcset=\"https:\/\/vigraholt.is\/wp-content\/uploads\/2026\/04\/vigrahus-1-768x243.png 768w, https:\/\/vigraholt.is\/wp-content\/uploads\/2026\/04\/vigrahus-1-300x95.png 300w, https:\/\/vigraholt.is\/wp-content\/uploads\/2026\/04\/vigrahus-1-18x6.png 18w, https:\/\/vigraholt.is\/wp-content\/uploads\/2026\/04\/vigrahus-1.png 847w\" sizes=\"(max-width: 768px) 100vw, 768px\" \/>\t\t\t\t\t\t\t\t\t\t\t\t\t\t\t<\/div>\n\t\t\t\t<\/div>\n\t\t\t\t\t<\/div>\n\t\t\t\t<\/div>\n\t\t\t\t<\/div>\n\t\t\t\t<\/div>","protected":false},"excerpt":{"rendered":"<p>VIGRHAH\u00daS Here you can rent our customers houses in the future. Further information will be available soon.<\/p>","protected":false},"author":1,"featured_media":0,"parent":0,"menu_order":0,"comment_status":"closed","ping_status":"closed","template":"elementor_header_footer","meta":{"footnotes":""},"class_list":["post-1907","page","type-page","status-publish","hentry"],"jetpack_sharing_enabled":true,"_links":{"self":[{"href":"https:\/\/vigraholt.is\/is\/wp-json\/wp\/v2\/pages\/1907","targetHints":{"allow":["GET"]}}],"collection":[{"href":"https:\/\/vigraholt.is\/is\/wp-json\/wp\/v2\/pages"}],"about":[{"href":"https:\/\/vigraholt.is\/is\/wp-json\/wp\/v2\/types\/page"}],"author":[{"embeddable":true,"href":"https:\/\/vigraholt.is\/is\/wp-json\/wp\/v2\/users\/1"}],"replies":[{"embeddable":true,"href":"https:\/\/vigraholt.is\/is\/wp-json\/wp\/v2\/comments?post=1907"}],"version-history":[{"count":25,"href":"https:\/\/vigraholt.is\/is\/wp-json\/wp\/v2\/pages\/1907\/revisions"}],"predecessor-version":[{"id":1936,"href":"https:\/\/vigraholt.is\/is\/wp-json\/wp\/v2\/pages\/1907\/revisions\/1936"}],"wp:attachment":[{"href":"https:\/\/vigraholt.is\/is\/wp-json\/wp\/v2\/media?parent=1907"}],"curies":[{"name":"wp","href":"https:\/\/api.w.org\/{rel}","templated":true}]}}